{"id":337,"date":"2016-09-24T22:11:00","date_gmt":"2016-09-24T20:11:00","guid":{"rendered":"https:\/\/sks-steenbergen.nl\/?page_id=337"},"modified":"2023-11-06T12:28:27","modified_gmt":"2023-11-06T11:28:27","slug":"meziek","status":"publish","type":"page","link":"https:\/\/sks-steenbergen.nl\/?page_id=337","title":{"rendered":"Meziek"},"content":{"rendered":"<blockquote>\n<p style=\"text-align: left;\"><strong>Luister hier naar Strienestadse krakers van toen en nu en zing mee uit volle borst!<\/strong><\/p>\n<\/blockquote>\n<h2>Wa d&#8217;n plaotje!<\/h2>\n<p><span class=\"embed-youtube\" style=\"text-align:center; display: block;\"><iframe loading=\"lazy\" class=\"youtube-player\" width=\"640\" height=\"360\" src=\"https:\/\/www.youtube.com\/embed\/EyUs_CYhYho?version=3&#038;rel=1&#038;showsearch=0&#038;showinfo=1&#038;iv_load_policy=1&#038;fs=1&#038;hl=nl-NL&#038;autohide=2&#038;wmode=transparent\" allowfullscreen=\"true\" style=\"border:0;\" sandbox=\"allow-scripts allow-same-origin allow-popups allow-presentation allow-popups-to-escape-sandbox\"><\/iframe><\/span><\/p>\n<h2>Narreliedje Nar Boowke<\/h2>\n<p><span class=\"embed-youtube\" style=\"text-align:center; display: block;\"><iframe loading=\"lazy\" class=\"youtube-player\" width=\"640\" height=\"360\" src=\"https:\/\/www.youtube.com\/embed\/In7svT5SYeU?version=3&#038;rel=1&#038;showsearch=0&#038;showinfo=1&#038;iv_load_policy=1&#038;fs=1&#038;hl=nl-NL&#038;autohide=2&#038;wmode=transparent\" allowfullscreen=\"true\" style=\"border:0;\" sandbox=\"allow-scripts allow-same-origin allow-popups allow-presentation allow-popups-to-escape-sandbox\"><\/iframe><\/span><\/p>\n<p>Nananana nana nananananananana 2x<\/p>\n<p><strong>Koeplet 1:<\/strong><br \/>\n\u00d2\u00f2nze Jan die \u2018eb geflote,<br \/>\nEn daor kom \u2018k aongestove<br \/>\nW\u00e0\u00e0nt we viere meej z\u2019n alle karneval!<br \/>\nEej Bietboere en Meerminne<br \/>\n\u2018Jao da f\u00e9\u00e9st da kan Beginne<br \/>\nW\u00e0\u00e0nt ik kom op ieder bal<\/p>\n<p><strong>Refrein <\/strong><br \/>\n<strong>Strienestad,we gaon \u2018n f\u00e9\u00e9sje bouwe<\/strong><br \/>\n<strong>Strienestad, d\u2019n \u2018ele tent gao d\u2019op en neer<\/strong><br \/>\n<strong>Strienestad, nouw \u2018ier mot je wel van \u2018ouwe<\/strong><br \/>\n<strong>En wit je wa&#8230; morrege gaon we wir 2x<\/strong><\/p>\n<p>Nananana nana nananananananana 2x<\/p>\n<p><strong>Koeplet 2:<\/strong><br \/>\nKom we gaon wir zinge, springe<br \/>\n\u2018Oor me bellekus mar klinke<br \/>\nJao, ik zijn Nar Boowke, nar van Strienestad<br \/>\nZie de Mussekoning knalle,<br \/>\ndan gaon wij wir karnevalle<br \/>\nZo\u2019ne goeie nie g\u2019ad!<\/p>\n<p><strong>Refrein<\/strong><br \/>\nNananana nana nananananananana 2x<\/p>\n<p><strong>Bridge<\/strong><br \/>\nIk dweil van De Keuning deur de Bl\u00e0\u00e0uwstraot naor de Mart<br \/>\nEn doe alle kefeekes ff aon<br \/>\nG\u00e0\u00e0uw naor \u00f2\u00f2ns Moeder, de Kaoi en Z\u2019onder Zeil<br \/>\nWe gaon er tegenaon!<\/p>\n<p><strong>Refrein 2x<\/strong><\/p>\n<p>Nananana nana nananananananana 4x<\/p>\n<audio class=\"wp-audio-shortcode\" id=\"audio-337-1\" preload=\"none\" style=\"width: 100%;\" controls=\"controls\"><source type=\"audio\/mpeg\" src=\"https:\/\/sks-steenbergen.nl\/wp-content\/uploads\/2019\/02\/Narrelied-2019.mp3?_=1\" \/><a href=\"https:\/\/sks-steenbergen.nl\/wp-content\/uploads\/2019\/02\/Narrelied-2019.mp3\">https:\/\/sks-steenbergen.nl\/wp-content\/uploads\/2019\/02\/Narrelied-2019.mp3<\/a><\/audio>\n<h1>&#8217;t <strong>G\u00e8\u00e8fste Plekske aon de Vliet<\/strong><\/h1>\n<p><strong>VANUIT DE VERTE ZIEN\u2019K \u2019T LIGGE<br \/>\n\u2019T G\u00c8\u00c8FSTE PLEKSKE AON DE VLIET<br \/>\nDRIE VAN DIE TOORES, \u2019T KAN NIE MISSE<br \/>\nT\u2019IS M\u2019N \u2018UIZEN\u2019\u00d2\u00d2GE FAVORIET<br \/>\nM\u2019N \u2018ART DA SLAO WEL DUUZEND KERE<br \/>\n\u2018IER ZIJN IK T\u2019UIS EN WOR \u2019T NOOIT NIE ZAT<br \/>\nIK VOEL ME NERREGES \u00c0\u00c0NDERS BETER<br \/>\nAS IN \u00d2\u00d2NS EIGE STRIENESTAD!<\/strong><\/p>\n<p>EN RIJ IK OP M&#8217;N FIETSKE LENGST DE STRIENE<br \/>\nBEZJOER T&#8217;R ES &#8216;N ZEEMEERMIN NAOR MIJN<br \/>\nDE FLODDER WOU \u00d2\u00d2NS G\u00c8RE LAOTE GRIENE<br \/>\nMAR &#8216;N BIETBOER IS GIN SJAGGERIJN!<\/p>\n<p><strong>REFREIN<\/strong><\/p>\n<p>WA MUSSE KWAOME STEENBERREGE N&#8217;ES PLAOGE<br \/>\nDE MUSSEKONING JOOG ZE VAN &#8216;T DAK<br \/>\nJAN OORLOG IS T&#8217;R OK IN BANGE DAOGE<br \/>\nDE NAR EB LEUT, DE PRINS ZIT G\u00c8\u00c8F IN&#8217;T PAK!<\/p>\n<p><strong>REFREIN 2X<\/strong><\/p>\n<audio class=\"wp-audio-shortcode\" id=\"audio-337-2\" preload=\"none\" style=\"width: 100%;\" controls=\"controls\"><source type=\"audio\/mpeg\" src=\"\/multimedia\/geefsteplekske.mp3?_=2\" \/><a href=\"\/multimedia\/geefsteplekske.mp3\">\/multimedia\/geefsteplekske.mp3<\/a><\/audio>\n<hr \/>\n<h1><strong>Ik kom uit Strienestad\u00a0<\/strong><\/h1>\n<p><b><span style=\"margin: 0px; color: black; font-family: 'Arial','sans-serif';\">IK KOM UIT STRIENESTAD<br \/>\nDA LIJK ME NOGAL GLAD<br \/>\n\u2019IER KEN IK IEDER\u00c9\u00c9N EN ALLES<br \/>\nVORAL AS\u2019T KARNEVAL IS, ZIJN IK M\u2019N SAS<br \/>\nIK NEURIE EN IK FLUIT<br \/>\nL\u00d2\u00d2P MEEJ M\u2019N BORST VORUIT<br \/>\nZOOW ZIE JE VAN \u2019N END<br \/>\nDA D\u2019IK \u2019N ECHTE BIETBOER\/MEERMIN* BEN!<\/span><\/b><b><span style=\"margin: 0px; color: black; font-family: 'Arial','sans-serif';\">\u00a0<\/span><\/b><\/p>\n<p><span style=\"margin: 0px; color: black; font-family: 'Arial','sans-serif';\">M\u2019N F\u00c9\u00c9STNEUS ZIE JE OVERAL<br \/>\nEN K\u00c8K \u2019S AON M\u2019N ORE<br \/>\nIK ZIJN, JE RAOI \u2019T ZEKER AL<br \/>\nVOR DE LEUT GEBORE<br \/>\nAL KOM D\u2019IER MEEJ \u2019N GR\u00d2\u00d2TE KNAL<br \/>\nD\u2019N \u2019EMEL AON BENEEJE<br \/>\nWE VIERE N\u2019ALTIJD KARNEVAL<br \/>\nWA STIK ME \u2019N BOS MEEJ PEEJE!<\/span><\/p>\n<p><b><span style=\"margin: 0px; color: black; font-family: 'Arial','sans-serif';\">REFREIN<\/span><\/b><span style=\"margin: 0px; color: black; font-family: 'Arial','sans-serif';\">\u00a0<\/span><\/p>\n<p><span style=\"margin: 0px; color: black; font-family: 'Arial','sans-serif';\">WE ZITTE N\u2019IER IN STRIENESTAD<br \/>\nDA D\u2019IS NIE OVERDREVE<br \/>\nOP ROZE IN \u2019N WARREM BAD<br \/>\nM\u00c8\u00c8NSE, WA D\u2019N LEVE<br \/>\nK\u2019EB NIKS TE W\u00c8\u00c8NSE N\u2019OVER, W\u00c0\u00c0NT<br \/>\nIK ZIJN MEER AS TEVREEJE<br \/>\nMAOK VAN \u2019N MUS GIN OLIF\u00c0\u00c0NT<br \/>\nWA STIK ME \u2019N BOS MEEJ PEEJE! <\/span><\/p>\n<p><b><span style=\"margin: 0px; color: black; font-family: 'Arial','sans-serif';\">REFREIN<\/span><\/b><\/p>\n<p><span style=\"margin: 0px; color: black; font-family: 'Arial','sans-serif';\">IK ZIJN, DA WIT \u2019T KLEINSTE KIND<br \/>\n\u2019N DWEIL IN \u2019ART EN NIERE<br \/>\nIK \u2019EB \u2019T ST\u00c9\u00c9NGOED AON M\u2019N ZIN<br \/>\nWE GAON \u2019T WIR VERSIERE<br \/>\nGESJAGGERIJN, DA\u2019S NIKS VOR MIJN<br \/>\nWOR NOOIT GIN FARRIEZEEJER<br \/>\nJE MOT GEW\u00d2\u00d2N JE N\u2019EIGE ZIJN<br \/>\nWA STIK ME \u2019N BOS MEEJ PEEJE<\/span><\/p>\n<p><span style=\"margin: 0px; color: black; font-family: 'Arial','sans-serif';\"><b>REFREIN<\/b><\/span><\/p>\n<audio class=\"wp-audio-shortcode\" id=\"audio-337-3\" preload=\"none\" style=\"width: 100%;\" controls=\"controls\"><source type=\"audio\/mpeg\" src=\"\/wp-content\/uploads\/2016\/07\/Ik-kom-uit-Strienestad.mp3?_=3\" \/><a href=\"\/wp-content\/uploads\/2016\/07\/Ik-kom-uit-Strienestad.mp3\">\/wp-content\/uploads\/2016\/07\/Ik-kom-uit-Strienestad.mp3<\/a><\/audio>\n<hr \/>\n<h1><strong>Oh Strienestad<br \/>\n<\/strong><\/h1>\n<p>ELLUK JAOR GEBEUR UT WEL UN KEER<br \/>\nDAN L\u00d2\u00d2P IK ONGEDUREG \u2018EEN EN WEER<br \/>\nZO DOELLOOP IN UT ROND<br \/>\nGIN RUST MEER IN ME KONT<br \/>\nDE KRIEBELS GEVE AON DA WE D\u2019N \u2018ORT OP GAON<\/p>\n<p><strong>OH STRIENESTAD<br \/>\nOH STRIENESTAD<br \/>\n\u2018IER \u2018EB IK M\u2019N \u2018ART VERLORE<br \/>\nOH STRIENESTAD<\/strong><\/p>\n<p>PRONKE MEE M\u2019N VERE<br \/>\nDA\u2019S WAOR IK VAN \u2018OUW<br \/>\nSTRIENESTAD MOT LERE<br \/>\nTROTS TE ZIJN AS UNNE PAUW<\/p>\n<p><strong>REFREIN<\/strong><\/p>\n<p>STIJGE DAN DE KRIEBELS NAOR ME KOP<br \/>\nDAN L\u00d2\u00d2P IK MAR ME NUSKE ACHTEROP<br \/>\nIK KWEEL ME \u2018\u00d2\u00d2GSTE LIED<br \/>\nAS \u2018\u00c9\u00c9LE \u2018\u00d2\u00d2GE PIET<br \/>\nUT IS NOG LANG GIN TIJD<br \/>\nMAOR IK KAN M\u2019N EI IER KWIJT<\/p>\n<p><strong>REFREIN<\/strong><\/p>\n<p>PRONKE MEE M\u2019N VERE<br \/>\nDA\u2019S WAOR IK VAN \u2018OUW<br \/>\nSTRIENESTAD MOT LERE<br \/>\nTROTS TE ZIJN AS UNNE PAUW<\/p>\n<p><strong>REFREIN 3X<\/strong><\/p>\n<audio class=\"wp-audio-shortcode\" id=\"audio-337-4\" preload=\"none\" style=\"width: 100%;\" controls=\"controls\"><source type=\"audio\/mpeg\" src=\"\/multimedia\/scholenmap\/o%20strienestad.mp3?_=4\" \/><a href=\"\/multimedia\/scholenmap\/o%20strienestad.mp3\">\/multimedia\/scholenmap\/o%20strienestad.mp3<\/a><\/audio>\n<hr \/>\n<h1><strong>We gaon &#8217;t saome wir versiere<\/strong><\/h1>\n<p><strong>WE GAON \u2019T SAOME WIR VERSIERE<br \/>\nIN ONZE NASSAUSTAD<br \/>\nDRIE DAOGE ZULLE WIJ \u2019T VIERE<br \/>\nDRIE DAOGE ZIJN ME ZAT!<\/strong><\/p>\n<p>WIE EENS LEKKER KARNAVALLE WIL<br \/>\nDIE MOT IN ST\u00c9\u00c9NBERREGE GAAN KIJKEN<br \/>\nWANT VAN WAOTERHOEFKE TOT BOONNIL<br \/>\nDAAR ZIT GIN ENE DWEIL MIR STIL<br \/>\nDAN GAON WE DUR OP UIT<br \/>\nMEEJ EEN TOETER OF EEN FLUIT<\/p>\n<p><strong>REFREIN<\/strong><\/p>\n<p>WE GAON VAN VISSENBERG NAOR TOON BLOM<br \/>\nVAN DE MARINA NAAR \u2019T PUITJE<br \/>\nEN DAN HEBBEN WIJ UM HALFOM<br \/>\nDAN GAON WE DEUR MEE SLAANDE TROM<br \/>\nVAN NEVELS NAOR PIET VROON<br \/>\nDE KORENBEURS VAN DE REE EN ZOON<\/p>\n<p><strong>REFREIN<\/strong><\/p>\n<p>VAN DE KAAJ NOG NAOR DE BLOMKOOL TOE<br \/>\nEN VAN DE FLES NAOR\u00a0UT BLAAUWEINDJE<br \/>\nVAN KEEKE BIRRUS WIR NAOR PA EN MOE<br \/>\nEN DAN NOG EVEN NAOR DE PLANJEES TOE<br \/>\nWE TANKE N&#8217;AF(T) BIJ CUELENAERE<br \/>\nMAAR BIER BIJ KARELTJE VAN MEIR<\/p>\n<p><strong>REFREIN<\/strong><\/p>\n<p><strong>LALALALALALA<br \/>\nDRIE DAOGE ZULLE WIJ \u2019T VIERE<br \/>\nDRIE DAOGE ZIJN ME ZAT!<\/strong><\/p>\n<audio class=\"wp-audio-shortcode\" id=\"audio-337-5\" preload=\"none\" style=\"width: 100%;\" controls=\"controls\"><source type=\"audio\/mpeg\" src=\"\/wp-content\/uploads\/2016\/07\/We-goan-t-saome-wir-vursiere.mp3?_=5\" \/><a href=\"\/wp-content\/uploads\/2016\/07\/We-goan-t-saome-wir-vursiere.mp3\">\/wp-content\/uploads\/2016\/07\/We-goan-t-saome-wir-vursiere.mp3<\/a><\/audio>\n<hr \/>\n<h1><strong>Kom naar &#8217;t Leutpaleis<\/strong><\/h1>\n<p><strong>KOM NAAR HET LEUTPALEIS, <\/strong><br \/>\n<strong>WANT DAAR WONEN WIJ <\/strong><br \/>\n<strong>WIE ZIJN ER ALLEMAAL <\/strong><br \/>\n<strong>WEER VAN DE PARTIJ?<\/strong><\/p>\n<p>DAAR HEB JE JANTJE OORLOG DE POLITIE VAN DE STAD<br \/>\nMET OP Z&#8217;N HOED EEN HELE MOOIE PLUIM<br \/>\nHIJ LOOPT VOOROP EN HIJ WIJST DE WEG<br \/>\nEN IEDEREEN DOET WAT IE ZEGT<br \/>\nJA DAT IS VOOR HEM &#8216;N FLUITJE VAN EEN CENT<\/p>\n<p><strong>REFREIN<\/strong><\/p>\n<p>DE FLODDER DAT WAS OOIT EEN ENGERD<br \/>\nDIE WEINIG OM FEESTVIEREN GAF<br \/>\nNU IS ZE HEEL MOOI EN HEEL DEFTIG<br \/>\nDAAR NEEM IK M&#8217;N HOEDJE VOOR AF<br \/>\nFLODDER, O FLODDER, TOE ZWAAI NOG EEN KEER MET JE STOK, JE STOK<br \/>\nFLODDER, O FLODDER, TOE ZWAAI NOG EEN KEER MET JE STOK<\/p>\n<p><strong>REFREIN<\/strong><\/p>\n<p>HET MUSSEKONINKJE, DAAR IS TIE WEER, DAAR IS TIE WEER<br \/>\nHET MUSSEKONINKJE, HIJ ZWAAIT MET Z&#8217;N GEWEER<br \/>\nHET MUSSEKONINKJE, VERGIS JE NIET, VERGIS JE NIET<br \/>\nHET MUSSEKONINKJE, DUS LACHEN OF HIJ SCHIET<\/p>\n<p><strong>REFREIN<\/strong><\/p>\n<p>LEUTVROUWKE, HEB JE VOOR ONS NOG WAT SNOEP? LEUTVROUWKE TOE, LEUTVROUWKE TOE,<br \/>\n&#8216;T MEISJE MET DE ALLERMOOISTE LINTEN AAN HAAR HOED HEB JE VOOR ONS NOG WAT SNOEP?<\/p>\n<p><strong>REFREIN<\/strong><\/p>\n<p>&#8216;T NARREKE KAN DANSEN HEEL LEUTIG DANSEN<br \/>\nHIJ KAN ZO LEKKER DANSEN LAAT HEM MAAR DANSEN<br \/>\nSPRING OP EN NEER EN DOE MAAR MEE<br \/>\nGA HEEN EN WEER JE LEERT &#8216;T AL, HOEZEE<\/p>\n<p><strong>REFREIN<\/strong><\/p>\n<p>BIETBOERKES EN MEERMINNEKES TOE LUISTER ALLEMAAL<br \/>\nWANT HIER IS JULLIE PRINSJE WEER DA&#8217;S DE BAAS VAN ALLEMAAL<br \/>\nBIETBOERKES EN MEERMINNEKES TOE LUISTER ALLEMAAL<br \/>\nWANT HIER IS JULLIE PRINSJE WEER DA&#8217;S DE BAAS VAN ALLEMAAL<\/p>\n<audio class=\"wp-audio-shortcode\" id=\"audio-337-6\" preload=\"none\" style=\"width: 100%;\" controls=\"controls\"><source type=\"audio\/mpeg\" src=\"\/multimedia\/leutpeleis.mp3?_=6\" \/><a href=\"\/multimedia\/leutpeleis.mp3\">\/multimedia\/leutpeleis.mp3<\/a><\/audio>\n<blockquote><p><strong>Wil je nog meer horen? Bekijk dan ons archief en beluister de carnavalsliedjes door de jaren heen!<\/strong><\/p><\/blockquote>\n<h1 style=\"text-align: left;\"><strong>Medlie Karnevalsliedjes<\/strong><\/h1>\n<p style=\"text-align: left;\"><strong>1961 &#8211; 1971 &#8211; 1982<\/strong><\/p>\n<audio class=\"wp-audio-shortcode\" id=\"audio-337-7\" preload=\"none\" style=\"width: 100%;\" controls=\"controls\"><source type=\"audio\/mpeg\" src=\"\/wp-content\/uploads\/2016\/09\/Medlie-1961-1971-1982.mp3?_=7\" \/><a href=\"\/wp-content\/uploads\/2016\/09\/Medlie-1961-1971-1982.mp3\">\/wp-content\/uploads\/2016\/09\/Medlie-1961-1971-1982.mp3<\/a><\/audio>\n<p style=\"text-align: left;\"><strong>1993 &#8211; 1994 &#8211; 1995<\/strong><\/p>\n<audio class=\"wp-audio-shortcode\" id=\"audio-337-8\" preload=\"none\" style=\"width: 100%;\" controls=\"controls\"><source type=\"audio\/mpeg\" src=\"\/wp-content\/uploads\/2016\/09\/Medlie-1993-1994-1995.mp3?_=8\" \/><a href=\"\/wp-content\/uploads\/2016\/09\/Medlie-1993-1994-1995.mp3\">\/wp-content\/uploads\/2016\/09\/Medlie-1993-1994-1995.mp3<\/a><\/audio>\n<p style=\"text-align: left;\"><strong>1996 &#8211; 1997 &#8211; 1998<\/strong><\/p>\n<audio class=\"wp-audio-shortcode\" id=\"audio-337-9\" preload=\"none\" style=\"width: 100%;\" controls=\"controls\"><source type=\"audio\/mpeg\" src=\"\/wp-content\/uploads\/2016\/09\/Medlie-1996-1997-1998.mp3?_=9\" \/><a href=\"\/wp-content\/uploads\/2016\/09\/Medlie-1996-1997-1998.mp3\">\/wp-content\/uploads\/2016\/09\/Medlie-1996-1997-1998.mp3<\/a><\/audio>\n<p style=\"text-align: left;\"><strong>1999 &#8211; 2000 &#8211; 2001<\/strong><\/p>\n<audio class=\"wp-audio-shortcode\" id=\"audio-337-10\" preload=\"none\" style=\"width: 100%;\" controls=\"controls\"><source type=\"audio\/mpeg\" src=\"\/wp-content\/uploads\/2016\/09\/Medlie-1999-2000-2001.mp3?_=10\" \/><a href=\"\/wp-content\/uploads\/2016\/09\/Medlie-1999-2000-2001.mp3\">\/wp-content\/uploads\/2016\/09\/Medlie-1999-2000-2001.mp3<\/a><\/audio>\n<p style=\"text-align: left;\"><strong>2002 &#8211; 2003 &#8211; 2004<\/strong><\/p>\n<audio class=\"wp-audio-shortcode\" id=\"audio-337-11\" preload=\"none\" style=\"width: 100%;\" controls=\"controls\"><source type=\"audio\/mpeg\" src=\"\/wp-content\/uploads\/2016\/09\/Medlie-2002-2003-2004.mp3?_=11\" \/><a href=\"\/wp-content\/uploads\/2016\/09\/Medlie-2002-2003-2004.mp3\">\/wp-content\/uploads\/2016\/09\/Medlie-2002-2003-2004.mp3<\/a><\/audio>\n<p style=\"text-align: left;\"><strong>2005 &#8211; 2006 &#8211; 2007<\/strong><\/p>\n<audio class=\"wp-audio-shortcode\" id=\"audio-337-12\" preload=\"none\" style=\"width: 100%;\" controls=\"controls\"><source type=\"audio\/mpeg\" src=\"\/wp-content\/uploads\/2016\/09\/Medlie-2005-2006-2007.mp3?_=12\" \/><a href=\"\/wp-content\/uploads\/2016\/09\/Medlie-2005-2006-2007.mp3\">\/wp-content\/uploads\/2016\/09\/Medlie-2005-2006-2007.mp3<\/a><\/audio>\n<p><b>2008 &#8211; 2009 &#8211; 2010<\/b><\/p>\n<audio class=\"wp-audio-shortcode\" id=\"audio-337-13\" preload=\"none\" style=\"width: 100%;\" controls=\"controls\"><source type=\"audio\/mpeg\" src=\"https:\/\/sks-steenbergen.nl\/wp-content\/uploads\/2016\/09\/Medlie-2008-2009-2010.mp3?_=13\" \/><a href=\"https:\/\/sks-steenbergen.nl\/wp-content\/uploads\/2016\/09\/Medlie-2008-2009-2010.mp3\">https:\/\/sks-steenbergen.nl\/wp-content\/uploads\/2016\/09\/Medlie-2008-2009-2010.mp3<\/a><\/audio>\n","protected":false},"excerpt":{"rendered":"<p>Luister hier naar Strienestadse krakers van toen en nu en zing mee uit volle borst! Wa d&#8217;n plaotje! Narreliedje Nar Boowke Nananana nana nananananananana 2x Koeplet 1: \u00d2\u00f2nze Jan die \u2018eb geflote, En daor kom \u2018k aongestove W\u00e0\u00e0nt we viere meej z\u2019n alle karneval! Eej Bietboere en Meerminne \u2018Jao da f\u00e9\u00e9st da kan Beginne W\u00e0\u00e0nt [&hellip;]<\/p>\n","protected":false},"author":1,"featured_media":0,"parent":0,"menu_order":0,"comment_status":"closed","ping_status":"closed","template":"","meta":{"jetpack_post_was_ever_published":false,"footnotes":""},"class_list":["post-337","page","type-page","status-publish","hentry"],"jetpack_sharing_enabled":true,"jetpack_shortlink":"https:\/\/wp.me\/P8gym6-5r","jetpack-related-posts":[],"_links":{"self":[{"href":"https:\/\/sks-steenbergen.nl\/index.php?rest_route=\/wp\/v2\/pages\/337","targetHints":{"allow":["GET"]}}],"collection":[{"href":"https:\/\/sks-steenbergen.nl\/index.php?rest_route=\/wp\/v2\/pages"}],"about":[{"href":"https:\/\/sks-steenbergen.nl\/index.php?rest_route=\/wp\/v2\/types\/page"}],"author":[{"embeddable":true,"href":"https:\/\/sks-steenbergen.nl\/index.php?rest_route=\/wp\/v2\/users\/1"}],"replies":[{"embeddable":true,"href":"https:\/\/sks-steenbergen.nl\/index.php?rest_route=%2Fwp%2Fv2%2Fcomments&post=337"}],"version-history":[{"count":51,"href":"https:\/\/sks-steenbergen.nl\/index.php?rest_route=\/wp\/v2\/pages\/337\/revisions"}],"predecessor-version":[{"id":3489,"href":"https:\/\/sks-steenbergen.nl\/index.php?rest_route=\/wp\/v2\/pages\/337\/revisions\/3489"}],"wp:attachment":[{"href":"https:\/\/sks-steenbergen.nl\/index.php?rest_route=%2Fwp%2Fv2%2Fmedia&parent=337"}],"curies":[{"name":"wp","href":"https:\/\/api.w.org\/{rel}","templated":true}]}}