{"id":2962,"date":"2020-01-23T14:42:38","date_gmt":"2020-01-23T13:42:38","guid":{"rendered":"https:\/\/sks-steenbergen.nl\/?page_id=2962"},"modified":"2023-11-06T11:33:08","modified_gmt":"2023-11-06T10:33:08","slug":"2020-2029","status":"publish","type":"page","link":"https:\/\/sks-steenbergen.nl\/?page_id=2962","title":{"rendered":"2020-2029"},"content":{"rendered":"<div class=\"wp-block-group\">\n<div class=\"wp-block-group__inner-container\"><\/div>\n<\/div>\n<p style=\"text-align: center;\"><span style=\"font-size: x-large;\"><span style=\"color: #008000;\">2020 Wa d&#8217;n plaotje!<\/span><img loading=\"lazy\" decoding=\"async\" data-attachment-id=\"2875\" data-permalink=\"https:\/\/sks-steenbergen.nl\/?attachment_id=2875\" data-orig-file=\"https:\/\/sks-steenbergen.nl\/wp-content\/uploads\/2019\/11\/Insigne-SKS-2020-2.jpg\" data-orig-size=\"1223,1139\" data-comments-opened=\"1\" data-image-meta=\"{&quot;aperture&quot;:&quot;0&quot;,&quot;credit&quot;:&quot;&quot;,&quot;camera&quot;:&quot;&quot;,&quot;caption&quot;:&quot;&quot;,&quot;created_timestamp&quot;:&quot;0&quot;,&quot;copyright&quot;:&quot;&quot;,&quot;focal_length&quot;:&quot;0&quot;,&quot;iso&quot;:&quot;0&quot;,&quot;shutter_speed&quot;:&quot;0&quot;,&quot;title&quot;:&quot;&quot;,&quot;orientation&quot;:&quot;1&quot;}\" data-image-title=\"Insigne-SKS-2020-2\" data-image-description=\"\" data-image-caption=\"\" data-medium-file=\"https:\/\/sks-steenbergen.nl\/wp-content\/uploads\/2019\/11\/Insigne-SKS-2020-2-300x279.jpg\" data-large-file=\"https:\/\/sks-steenbergen.nl\/wp-content\/uploads\/2019\/11\/Insigne-SKS-2020-2-1024x954.jpg\" class=\"wp-image-2875  alignright\" src=\"https:\/\/sks-steenbergen.nl\/wp-content\/uploads\/2019\/11\/Insigne-SKS-2020-2.jpg\" alt=\"\" width=\"176\" height=\"164\" srcset=\"https:\/\/sks-steenbergen.nl\/wp-content\/uploads\/2019\/11\/Insigne-SKS-2020-2.jpg 1223w, https:\/\/sks-steenbergen.nl\/wp-content\/uploads\/2019\/11\/Insigne-SKS-2020-2-300x279.jpg 300w, https:\/\/sks-steenbergen.nl\/wp-content\/uploads\/2019\/11\/Insigne-SKS-2020-2-768x715.jpg 768w, https:\/\/sks-steenbergen.nl\/wp-content\/uploads\/2019\/11\/Insigne-SKS-2020-2-1024x954.jpg 1024w\" sizes=\"auto, (max-width: 176px) 100vw, 176px\" \/><\/span><\/p>\n<p>Prins: Dennis Vermeulen (Prins Strienius V)<br \/>\nNar: Leander Lebeau (Nar Boowke)<br \/>\nJan Oorlog: Jeroen Bouwens<br \/>\nMussekoning: Martin den Broeder<br \/>\nDeftige Flodder: Coen Embregts<br \/>\nMotto: Wa d&#8217;n plaotje!<\/p>\n<p>Jeugdgevolg<br \/>\nPrinsje: Mathijs Bijlsma<br \/>\nNarreke: Niels Luijsterburg<br \/>\nJantje Oorlog: Xem Aanraad<br \/>\nMussekoninkje: Levi de Kock<br \/>\nDeftig Floddertje: Eline Minkman<br \/>\nLeutvrouwke: Moniek Vugts<\/p>\n<p><span class=\"embed-youtube\" style=\"text-align:center; display: block;\"><iframe loading=\"lazy\" class=\"youtube-player\" width=\"640\" height=\"360\" src=\"https:\/\/www.youtube.com\/embed\/EyUs_CYhYho?version=3&#038;rel=1&#038;showsearch=0&#038;showinfo=1&#038;iv_load_policy=1&#038;fs=1&#038;hl=nl-NL&#038;autohide=2&#038;wmode=transparent\" allowfullscreen=\"true\" style=\"border:0;\" sandbox=\"allow-scripts allow-same-origin allow-popups allow-presentation allow-popups-to-escape-sandbox\"><\/iframe><\/span><\/p>\n<p><strong>KOEPLET 1<\/strong><br \/>\n\u2018N BRUIDSPAOR KOM AON BUITE BIJ \u2019T OUW GEM\u00c9\u00c9NTEN\u2019UIS<br \/>\nK\u00c8K \u2018S, WA D\u2019N PLAOTJE!<br \/>\n\u2018N WOLLEK VAN \u2018N BEEBIE IS GEBORE BIJ \u00d2\u00d2NS T\u2019UIS<br \/>\nAHHH, WA D\u2019N PLAOTJE!<br \/>\n\u2018K \u2018EB \u2018N TATTOE VAN \u2018N MEERMIN LAOTE ZETTE<br \/>\nAUW, WA D\u2019N PLAOTJE!<br \/>\nVAN STRIENEDURREPKE TOT AON DE RALDAL<br \/>\n\u2019T IS \u2019N LEVEND SCHILDERIJ MEEJ KARNEVAL<\/p>\n<p><strong>REFREIN<\/strong><br \/>\n<strong>SPIEGELTJE, SPIEGELTJE AON DE W\u00c0\u00c0ND,<\/strong><br \/>\n<strong>WIE IS DE G\u00c8\u00c8FSTE VAN \u2019T L\u00c0\u00c0ND?\u2019<\/strong><br \/>\n<strong>NIM MEKAORE BIJ DE \u2018\u00c0\u00c0ND<\/strong><br \/>\n<strong>NIEM\u00c0\u00c0ND STAOT \u2018IER AON DE K\u00c0\u00c0NT<\/strong><\/p>\n<p><strong>MUZIK\u00c0\u00c0NT EN KUNSTENAOR<\/strong><br \/>\n<strong>KOMME SAOME BIJ MEKAOR <\/strong><br \/>\n<strong>ZO RAOKE WE DE JUISTE SNAOR<\/strong><br \/>\n<strong>\u2019N PLAOTJE REKEN MAR!<\/strong><\/p>\n<p><strong>KOEPLET 2<\/strong><br \/>\nWA D\u2019N SCHILDERIJE \u2018ANGE D\u2019R BIJ \u00d2\u00d2NS IN STRIENESTAD<br \/>\nK\u00c8K \u2018S, WA D\u2019N PLAOTJE!<br \/>\nNIM NOG MAR \u2019N SELFIE MEEJ DE GUM OP DE MART<br \/>\nAHHH, WA D\u2019N PLAOTJE!<br \/>\nLUISTER NOGGES NAOR DI LEUTIGE MEZIEKSKE<br \/>\nWAUW, WA D\u2019N PLAOTJE!<br \/>\nVAN STRIENEDURREPKE TOT AON DE RALDAL<br \/>\nOEFENING BAORT KUNST MEEJ KARNEVAL<\/p>\n<hr \/>\n<p style=\"text-align: center;\"><span style=\"font-size: x-large;\"><span style=\"color: #008000;\">2021 Liefde vor de leut!<\/span><img loading=\"lazy\" decoding=\"async\" data-attachment-id=\"3099\" data-permalink=\"https:\/\/sks-steenbergen.nl\/?attachment_id=3099\" data-orig-file=\"https:\/\/sks-steenbergen.nl\/wp-content\/uploads\/2020\/11\/Insigne-2021-Liefde-vor-de-Leut.jpg\" data-orig-size=\"792,726\" data-comments-opened=\"1\" data-image-meta=\"{&quot;aperture&quot;:&quot;0&quot;,&quot;credit&quot;:&quot;&quot;,&quot;camera&quot;:&quot;&quot;,&quot;caption&quot;:&quot;&quot;,&quot;created_timestamp&quot;:&quot;0&quot;,&quot;copyright&quot;:&quot;&quot;,&quot;focal_length&quot;:&quot;0&quot;,&quot;iso&quot;:&quot;0&quot;,&quot;shutter_speed&quot;:&quot;0&quot;,&quot;title&quot;:&quot;&quot;,&quot;orientation&quot;:&quot;0&quot;}\" data-image-title=\"Insigne-2021-Liefde-vor-de-Leut\" data-image-description=\"\" data-image-caption=\"\" data-medium-file=\"https:\/\/sks-steenbergen.nl\/wp-content\/uploads\/2020\/11\/Insigne-2021-Liefde-vor-de-Leut-300x275.jpg\" data-large-file=\"https:\/\/sks-steenbergen.nl\/wp-content\/uploads\/2020\/11\/Insigne-2021-Liefde-vor-de-Leut.jpg\" class=\"wp-image-3099  alignright\" src=\"https:\/\/sks-steenbergen.nl\/wp-content\/uploads\/2020\/11\/Insigne-2021-Liefde-vor-de-Leut.jpg\" alt=\"\" width=\"173\" height=\"158\" srcset=\"https:\/\/sks-steenbergen.nl\/wp-content\/uploads\/2020\/11\/Insigne-2021-Liefde-vor-de-Leut.jpg 792w, https:\/\/sks-steenbergen.nl\/wp-content\/uploads\/2020\/11\/Insigne-2021-Liefde-vor-de-Leut-300x275.jpg 300w, https:\/\/sks-steenbergen.nl\/wp-content\/uploads\/2020\/11\/Insigne-2021-Liefde-vor-de-Leut-768x704.jpg 768w\" sizes=\"auto, (max-width: 173px) 100vw, 173px\" \/><\/span><\/p>\n<p>Prins: Dennis Vermeulen (Prins Strienius V)<br \/>\nNar: Leander Lebeau (Nar Boowke)<br \/>\nJan Oorlog: Jeroen Bouwens<br \/>\nMussekoning: Martin den Broeder<br \/>\nDeftige Flodder: Coen Embregts<br \/>\nMotto: Liefde vor de Leut!<\/p>\n<p>Jeugdgevolg<br \/>\nPrinsje: Mathijs Bijlsma<br \/>\nNarreke: Niels Luijsterburg<br \/>\nJantje Oorlog: Xem Aanraad<br \/>\nMussekoninkje: Levi de Kock<br \/>\nDeftig Floddertje: Eline Minkman<br \/>\nLeutvrouwke: Monique Vugts<\/p>\n<p><span class=\"embed-youtube\" style=\"text-align:center; display: block;\"><iframe loading=\"lazy\" class=\"youtube-player\" width=\"640\" height=\"360\" src=\"https:\/\/www.youtube.com\/embed\/oOZ6ZAvT19w?version=3&#038;rel=1&#038;showsearch=0&#038;showinfo=1&#038;iv_load_policy=1&#038;fs=1&#038;hl=nl-NL&#038;autohide=2&#038;wmode=transparent\" allowfullscreen=\"true\" style=\"border:0;\" sandbox=\"allow-scripts allow-same-origin allow-popups allow-presentation allow-popups-to-escape-sandbox\"><\/iframe><\/span><\/p>\n<p><strong>REFREIN<\/strong><br \/>\n<strong>LIEFDE VOR DE LEUT<\/strong><br \/>\n<strong>K\u00c9K \u00d2\u00d2NS ALLEMAOL MAR \u2018S STRAOLE<\/strong><br \/>\n<strong>MEEJ VLINDERS IN JE BUIK<\/strong><br \/>\n<strong>KUJJE IN STRIENESTAD JE N\u2019ART OP\u2019AOLE<\/strong><br \/>\n<strong>\u2018IER VIN JE DE WAORE OM OP PAD TE GAON<\/strong><br \/>\n<strong>DI \u2018EB GIN M\u00c8\u00c8NS OOIT PREBERE TE WIRSTAON<\/strong><br \/>\n<strong>VOL VERLANGE ZEG IK NOUW:<\/strong><br \/>\n<strong>STRIENESTAD, IK \u2018OUW VAN JOUW!<\/strong><\/p>\n<p><strong>KOEPLET 1<\/strong><\/p>\n<p>DWEILE MEEJ \u00d2\u00d2NS OMA, GELUKKEG GIN KERONA<br \/>\nOP AFSTAND GAON WE LEKKER AON DE ZWIER<br \/>\nGAO JE NOUW NIE TERREGE EN NAOR DE GR\u00d2\u00d2TE BERREGE<br \/>\nWE BLIJVE MEEJ Z\u2019N ALLE LIEVER \u2018IER.<br \/>\n\u00d2\u00d2NS MA-DE-LIEFSTE DRAOIT \u2019N RONDJE MEEJ<br \/>\nALLES VOR \u2019T JONG, WA D\u2019IK JE ZEEJ<\/p>\n<p><strong>REFREIN<\/strong><\/p>\n<p><strong>KOEPLET 2<\/strong><\/p>\n<p>SAOME MEEJ NAR BOOWKE, \u00d2\u00d2NS EIGE KUPIEDOOWKE<br \/>\nZ\u2019N PIJLE SCHIET T\u2019IE TELKES IN DE ROOS<br \/>\n\u2019N WARREM GEVOEL VAN BINNE, DA D\u2019IS OM TE BEGINNE<br \/>\nSTIKLEUTIG EN \u2018T DUURT \u2018N \u2018ELE POOS<br \/>\nNAO VIJF DAOGE VIERE TOT BESLUIT<br \/>\nZWAOIE WIJ \u2019T MUSKE AMMAOL UIT<\/p>\n<p><strong>TRIO<\/strong><br \/>\n\u2019T BLEF \u2019N UITZICHT VAN M\u2019N DR\u00d2\u00d2ME<br \/>\nDIE GR\u00d2\u00d2TE GUM MEEJ 2 TOORES AON WEERSZIJ<br \/>\n\u2019K KEN VEUL M\u00c8\u00c8NSE DIE \u2018IER W\u00d2\u00d2NE<br \/>\nDAN ZEG IK: \u201c\u2018EEJ!\u201d EN ZE GROETE MIJ<br \/>\nDEES STAD LAOT M\u2019N \u2018ARTJE SNELLER SLAON<br \/>\nUIT DE GROND VAN M\u2019N ART: LAOT DE GUM BLIJVE BESTAON!<\/p>\n<hr \/>\n<p style=\"text-align: center;\"><span style=\"font-size: x-large;\"><span style=\"color: #008000;\">2022 Liefde vor de leut! (Da overwint alles)<\/span><img loading=\"lazy\" decoding=\"async\" data-attachment-id=\"3317\" data-permalink=\"https:\/\/sks-steenbergen.nl\/?attachment_id=3317\" data-orig-file=\"https:\/\/sks-steenbergen.nl\/wp-content\/uploads\/2022\/02\/2022-SKS-vrijstaand-01-1.png\" data-orig-size=\"1241,1142\" data-comments-opened=\"1\" data-image-meta=\"{&quot;aperture&quot;:&quot;0&quot;,&quot;credit&quot;:&quot;&quot;,&quot;camera&quot;:&quot;&quot;,&quot;caption&quot;:&quot;&quot;,&quot;created_timestamp&quot;:&quot;0&quot;,&quot;copyright&quot;:&quot;&quot;,&quot;focal_length&quot;:&quot;0&quot;,&quot;iso&quot;:&quot;0&quot;,&quot;shutter_speed&quot;:&quot;0&quot;,&quot;title&quot;:&quot;&quot;,&quot;orientation&quot;:&quot;0&quot;}\" data-image-title=\"2022-SKS-vrijstaand-01 1\" data-image-description=\"\" data-image-caption=\"\" data-medium-file=\"https:\/\/sks-steenbergen.nl\/wp-content\/uploads\/2022\/02\/2022-SKS-vrijstaand-01-1-300x276.png\" data-large-file=\"https:\/\/sks-steenbergen.nl\/wp-content\/uploads\/2022\/02\/2022-SKS-vrijstaand-01-1-1024x942.png\" class=\"wp-image-3317  alignright\" src=\"https:\/\/sks-steenbergen.nl\/wp-content\/uploads\/2022\/02\/2022-SKS-vrijstaand-01-1.png\" alt=\"\" width=\"221\" height=\"203\" srcset=\"https:\/\/sks-steenbergen.nl\/wp-content\/uploads\/2022\/02\/2022-SKS-vrijstaand-01-1.png 1241w, https:\/\/sks-steenbergen.nl\/wp-content\/uploads\/2022\/02\/2022-SKS-vrijstaand-01-1-300x276.png 300w, https:\/\/sks-steenbergen.nl\/wp-content\/uploads\/2022\/02\/2022-SKS-vrijstaand-01-1-1024x942.png 1024w, https:\/\/sks-steenbergen.nl\/wp-content\/uploads\/2022\/02\/2022-SKS-vrijstaand-01-1-768x707.png 768w\" sizes=\"auto, (max-width: 221px) 100vw, 221px\" \/><\/span><\/p>\n<p>Prins: Dennis Vermeulen (Prins Strienius V)<br \/>\nNar: Leander Lebeau (Nar Boowke)<br \/>\nJan Oorlog: Jeroen Bouwens<br \/>\nMussekoning: Martin den Broeder<br \/>\nDeftige Flodder: Coen Embregts<br \/>\nMotto: Liefde vor de leut! Da overwint alles!<\/p>\n<p>Jeugdgevolg<br \/>\nPrinsje: Mees van der Weegen<br \/>\nNarreke: Brent Visser<br \/>\nJantje Oorlog: Xem Aanraad<br \/>\nMussekoninkje: Biko de Kock<br \/>\nDeftig Floddertje: Eline Minkman<br \/>\nLeutvrouwke: Fleur Boden<\/p>\n<p><strong>REFREIN<\/strong><br \/>\n<strong>LIEFDE VOR DE LEUT<\/strong><br \/>\n<strong>K\u00c9K \u00d2\u00d2NS ALLEMAOL MAR \u2018S STRAOLE<\/strong><br \/>\n<strong>MEEJ VLINDERS IN JE BUIK<\/strong><br \/>\n<strong>KUJJE IN STRIENESTAD JE N\u2019ART OP\u2019AOLE<\/strong><br \/>\n<strong>\u2018IER VIN JE DE WAORE OM OP PAD TE GAON<\/strong><br \/>\n<strong>DI \u2018EB GIN M\u00c8\u00c8NS OOIT PREBERE TE WIRSTAON<\/strong><br \/>\n<strong>VOL VERLANGE ZEG IK NOUW:<\/strong><br \/>\n<strong>STRIENESTAD, IK \u2018OUW VAN JOUW!<\/strong><\/p>\n<p><strong>KOEPLET 1<\/strong><\/p>\n<p>DWEILE MEEJ \u00d2\u00d2NS OMA, GELUKKEG GIN KERONA<br \/>\nOP AFSTAND GAON WE LEKKER AON DE ZWIER<br \/>\nGAO JE NOUW NIE TERREGE EN NAOR DE GR\u00d2\u00d2TE BERREGE<br \/>\nWE BLIJVE MEEJ Z\u2019N ALLE LIEVER \u2018IER.<br \/>\n\u00d2\u00d2NS MA-DE-LIEFSTE DRAOIT \u2019N RONDJE MEEJ<br \/>\nALLES VOR \u2019T JONG, WA D\u2019IK JE ZEEJ<\/p>\n<p><strong>REFREIN<\/strong><\/p>\n<p><strong>KOEPLET 2<\/strong><\/p>\n<p>SAOME MEEJ NAR BOOWKE, \u00d2\u00d2NS EIGE KUPIEDOOWKE<br \/>\nZ\u2019N PIJLE SCHIET T\u2019IE TELKES IN DE ROOS<br \/>\n\u2019N WARREM GEVOEL VAN BINNE, DA D\u2019IS OM TE BEGINNE<br \/>\nSTIKLEUTIG EN \u2018T DUURT \u2018N \u2018ELE POOS<br \/>\nNAO VIJF DAOGE VIERE TOT BESLUIT<br \/>\nZWAOIE WIJ \u2019T MUSKE AMMAOL UIT<\/p>\n<p><strong>TRIO<\/strong><br \/>\n\u2019T BLEF \u2019N UITZICHT VAN M\u2019N DR\u00d2\u00d2ME<br \/>\nDIE GR\u00d2\u00d2TE GUM MEEJ 2 TOORES AON WEERSZIJ<br \/>\n\u2019K KEN VEUL M\u00c8\u00c8NSE DIE \u2018IER W\u00d2\u00d2NE<br \/>\nDAN ZEG IK: \u201c\u2018EEJ!\u201d EN ZE GROETE MIJ<br \/>\nDEES STAD LAOT M\u2019N \u2018ARTJE SNELLER SLAON<br \/>\nUIT DE GROND VAN M\u2019N ART: LAOT DE GUM BLIJVE BESTAON!<\/p>\n","protected":false},"excerpt":{"rendered":"<p>2020 Wa d&#8217;n plaotje! Prins: Dennis Vermeulen (Prins Strienius V) Nar: Leander Lebeau (Nar Boowke) Jan Oorlog: Jeroen Bouwens Mussekoning: Martin den Broeder Deftige Flodder: Coen Embregts Motto: Wa d&#8217;n plaotje! Jeugdgevolg Prinsje: Mathijs Bijlsma Narreke: Niels Luijsterburg Jantje Oorlog: Xem Aanraad Mussekoninkje: Levi de Kock Deftig Floddertje: Eline Minkman Leutvrouwke: Moniek Vugts KOEPLET 1 [&hellip;]<\/p>\n","protected":false},"author":2,"featured_media":0,"parent":0,"menu_order":0,"comment_status":"closed","ping_status":"closed","template":"","meta":{"jetpack_post_was_ever_published":false,"footnotes":""},"class_list":["post-2962","page","type-page","status-publish","hentry"],"jetpack_sharing_enabled":true,"jetpack_shortlink":"https:\/\/wp.me\/P8gym6-LM","jetpack-related-posts":[],"_links":{"self":[{"href":"https:\/\/sks-steenbergen.nl\/index.php?rest_route=\/wp\/v2\/pages\/2962","targetHints":{"allow":["GET"]}}],"collection":[{"href":"https:\/\/sks-steenbergen.nl\/index.php?rest_route=\/wp\/v2\/pages"}],"about":[{"href":"https:\/\/sks-steenbergen.nl\/index.php?rest_route=\/wp\/v2\/types\/page"}],"author":[{"embeddable":true,"href":"https:\/\/sks-steenbergen.nl\/index.php?rest_route=\/wp\/v2\/users\/2"}],"replies":[{"embeddable":true,"href":"https:\/\/sks-steenbergen.nl\/index.php?rest_route=%2Fwp%2Fv2%2Fcomments&post=2962"}],"version-history":[{"count":24,"href":"https:\/\/sks-steenbergen.nl\/index.php?rest_route=\/wp\/v2\/pages\/2962\/revisions"}],"predecessor-version":[{"id":3468,"href":"https:\/\/sks-steenbergen.nl\/index.php?rest_route=\/wp\/v2\/pages\/2962\/revisions\/3468"}],"wp:attachment":[{"href":"https:\/\/sks-steenbergen.nl\/index.php?rest_route=%2Fwp%2Fv2%2Fmedia&parent=2962"}],"curies":[{"name":"wp","href":"https:\/\/api.w.org\/{rel}","templated":true}]}}